{"id":9,"date":"2016-05-18T14:46:28","date_gmt":"2016-05-18T12:46:28","guid":{"rendered":"https:\/\/danet.com.pl\/?page_id=9"},"modified":"2016-05-21T22:27:31","modified_gmt":"2016-05-21T20:27:31","slug":"strona-1","status":"publish","type":"page","link":"https:\/\/danet.com.pl\/?page_id=9","title":{"rendered":"O NAS"},"content":{"rendered":"<p style=\"text-align: justify;\">Firma DaNET powsta\u0142a w lipcu 2005r. i by\u0142a pierwsz\u0105 na naszym lokalnym rynku firm\u0105 teleinformatyczn\u0105. Naszym pierwszym celem by\u0142o tworzenie lokalnej sieci komputerowej s\u0142u\u017c\u0105cej do &#8222;komunikowania si\u0119&#8221; u\u017cytkownik\u00f3w mi\u0119dzy sob\u0105 oraz z globaln\u0105 sieci\u0105 internetow\u0105. Obecnie specjalizujemy si\u0119 w \u015bwiat\u0142owodach, kablowych i bezprzewodowych \u0142\u0105czach szerokopasmowych, kt\u00f3re dzia\u0142aj\u0105 na terenie ca\u0142ego miasta Bia\u0142a Piska oraz w okolicy miasta.<\/p>\n<p style=\"text-align: justify;\">Zajmujemy si\u0119 te\u017c wsparciem u\u017cytkownika, opiek\u0105 informatyczn\u0105 dla firm oraz us\u0142ugami w zakresie budowy i instalacji sieci komputerowej Ethernet, us\u0142ugami serwisowymi, teleinformatyk\u0105, informatyk\u0105 og\u00f3ln\u0105, serwisem komputerowym, doradztwem oraz monta\u017cem monitoringu.<\/p>\n","protected":false},"excerpt":{"rendered":"<p>Firma DaNET powsta\u0142a w lipcu 2005r. i by\u0142a pierwsz\u0105 na naszym lokalnym rynku firm\u0105 teleinformatyczn\u0105. Naszym pierwszym celem by\u0142o tworzenie lokalnej sieci komputerowej s\u0142u\u017c\u0105cej do &#8222;komunikowania si\u0119&#8221; u\u017cytkownik\u00f3w mi\u0119dzy sob\u0105 oraz z globaln\u0105 sieci\u0105 internetow\u0105. Obecnie specjalizujemy si\u0119 w \u015bwiat\u0142owodach, kablowych i bezprzewodowych \u0142\u0105czach szerokopasmowych, kt\u00f3re dzia\u0142aj\u0105 na terenie ca\u0142ego miasta Bia\u0142a Piska oraz w &hellip; <a href=\"https:\/\/danet.com.pl\/?page_id=9\" class=\"more-link\">Czytaj dalej <span class=\"screen-reader-text\">O NAS<\/span> <span class=\"meta-nav\">&rarr;<\/span><\/a><\/p>\n","protected":false},"author":1,"featured_media":0,"parent":0,"menu_order":1,"comment_status":"closed","ping_status":"closed","template":"","meta":{"footnotes":""},"class_list":["post-9","page","type-page","status-publish","hentry"],"_links":{"self":[{"href":"https:\/\/danet.com.pl\/index.php?rest_route=\/wp\/v2\/pages\/9","targetHints":{"allow":["GET"]}}],"collection":[{"href":"https:\/\/danet.com.pl\/index.php?rest_route=\/wp\/v2\/pages"}],"about":[{"href":"https:\/\/danet.com.pl\/index.php?rest_route=\/wp\/v2\/types\/page"}],"author":[{"embeddable":true,"href":"https:\/\/danet.com.pl\/index.php?rest_route=\/wp\/v2\/users\/1"}],"replies":[{"embeddable":true,"href":"https:\/\/danet.com.pl\/index.php?rest_route=%2Fwp%2Fv2%2Fcomments&post=9"}],"version-history":[{"count":9,"href":"https:\/\/danet.com.pl\/index.php?rest_route=\/wp\/v2\/pages\/9\/revisions"}],"predecessor-version":[{"id":126,"href":"https:\/\/danet.com.pl\/index.php?rest_route=\/wp\/v2\/pages\/9\/revisions\/126"}],"wp:attachment":[{"href":"https:\/\/danet.com.pl\/index.php?rest_route=%2Fwp%2Fv2%2Fmedia&parent=9"}],"curies":[{"name":"wp","href":"https:\/\/api.w.org\/{rel}","templated":true}]}}