{"id":673,"date":"2026-04-23T20:51:56","date_gmt":"2026-04-23T18:51:56","guid":{"rendered":"https:\/\/danet.com.pl\/?page_id=673"},"modified":"2026-04-23T20:54:50","modified_gmt":"2026-04-23T18:54:50","slug":"wyszukiwarka-kanalow","status":"publish","type":"page","link":"https:\/\/danet.com.pl\/?page_id=673","title":{"rendered":"WYSZUKIWARKA KANA\u0141\u00d3W"},"content":{"rendered":"\n\n\n<p>tu mo\u017cesz sprawdzi\u0107 w jakim pakiecie wyst\u0119puje dany kana\u0142 tv<\/p>\n<p><br \/><iframe loading=\"lazy\" src=\"https:\/\/avios.pl\/pakiety\/wyszukiwarka-kanalow.html\" width=\"100%\" height=\"900px\" frameborder=\"0\" marginwidth=\"0px\" marginheight=\"0px\" scrolling=\"auto\"><\/iframe><\/p>\n","protected":false},"excerpt":{"rendered":"<p>tu mo\u017cesz sprawdzi\u0107 w jakim pakiecie wyst\u0119puje dany kana\u0142 tv<\/p>\n","protected":false},"author":1,"featured_media":0,"parent":145,"menu_order":0,"comment_status":"closed","ping_status":"closed","template":"","meta":{"footnotes":""},"class_list":["post-673","page","type-page","status-publish","hentry"],"_links":{"self":[{"href":"https:\/\/danet.com.pl\/index.php?rest_route=\/wp\/v2\/pages\/673","targetHints":{"allow":["GET"]}}],"collection":[{"href":"https:\/\/danet.com.pl\/index.php?rest_route=\/wp\/v2\/pages"}],"about":[{"href":"https:\/\/danet.com.pl\/index.php?rest_route=\/wp\/v2\/types\/page"}],"author":[{"embeddable":true,"href":"https:\/\/danet.com.pl\/index.php?rest_route=\/wp\/v2\/users\/1"}],"replies":[{"embeddable":true,"href":"https:\/\/danet.com.pl\/index.php?rest_route=%2Fwp%2Fv2%2Fcomments&post=673"}],"version-history":[{"count":2,"href":"https:\/\/danet.com.pl\/index.php?rest_route=\/wp\/v2\/pages\/673\/revisions"}],"predecessor-version":[{"id":676,"href":"https:\/\/danet.com.pl\/index.php?rest_route=\/wp\/v2\/pages\/673\/revisions\/676"}],"up":[{"embeddable":true,"href":"https:\/\/danet.com.pl\/index.php?rest_route=\/wp\/v2\/pages\/145"}],"wp:attachment":[{"href":"https:\/\/danet.com.pl\/index.php?rest_route=%2Fwp%2Fv2%2Fmedia&parent=673"}],"curies":[{"name":"wp","href":"https:\/\/api.w.org\/{rel}","templated":true}]}}