{"id":649,"date":"2022-09-12T19:55:08","date_gmt":"2022-09-12T17:55:08","guid":{"rendered":"https:\/\/danet.com.pl\/?page_id=649"},"modified":"2022-09-12T19:55:08","modified_gmt":"2022-09-12T17:55:08","slug":"rodo","status":"publish","type":"page","link":"https:\/\/danet.com.pl\/?page_id=649","title":{"rendered":"RODO"},"content":{"rendered":"\n\n\n<p style=\"text-align: justify;\"><span style=\"color: #2b2b2b;\"><span style=\"font-family: inherit;\"><span style=\"font-size: medium;\">Przestrzeganie zasad ochrony danych w F.H-U DaNET nadzoruje wyznaczony Inspektor Ochrony Danych\u00a0<\/span><\/span><\/span><span style=\"color: #2b2b2b;\"><span style=\"font-family: arial, helvetica, sans-serif;\"><span style=\"font-size: medium;\">Maciej \u017bo\u0142nowski<\/span><\/span><\/span><span style=\"color: #2b2b2b;\"><span style=\"font-family: inherit;\"><span style=\"font-size: medium;\">\u00a0z kt\u00f3rym mo\u017cna skontaktowa\u0107 si\u0119 pod adresem email:\u00a0<\/span><\/span><\/span><a href=\"https:\/\/poczta.danet.com.pl\/#NOP\"><span style=\"color: #24890d;\"><span style=\"font-family: inherit;\"><span style=\"font-size: medium;\"><u>inspektor@cbi24.pl<\/u><\/span><\/span><\/span><\/a><span style=\"color: #2b2b2b;\"><span style=\"font-family: arial, helvetica, sans-serif;\"><span style=\"font-size: medium;\">\u00a0<\/span><\/span><\/span><span style=\"color: #2b2b2b;\"><span style=\"font-family: inherit;\"><span style=\"font-size: medium;\">;<\/span><\/span><\/span><\/p>\n<p style=\"text-align: justify;\" align=\"CENTER\"><span style=\"font-family: Times New Roman, serif;\"><span style=\"font-size: medium;\"><b>Og\u00f3lna klauzula informacyjna RODO<\/b><\/span><\/span><\/p>\n<p style=\"text-align: justify;\"><span style=\"font-family: Times New Roman, serif;\"><span style=\"font-size: medium;\">Zgodnie z art. 13 rozporz\u0105dzenia Parlamentu Europejskiego i Rady (UE) 2016\/679 z dnia 27 kwietnia 2016 r. w sprawie ochrony os\u00f3b fizycznych w zwi\u0105zku z przetwarzaniem danych osobowych i w sprawie swobodnego przep\u0142ywu takich danych oraz uchylenia dyrektywy 95\/46\/WE (og\u00f3lne rozporz\u0105dzenie o ochronie danych) (Dz.U.UE.L.2016.119.1 z 4.05.2016 r.) &#8211; dalej RODO,<br \/>informujemy \u017ce:<\/span><\/span><\/p>\n<ol>\n<li style=\"text-align: justify;\"><span style=\"font-family: Times New Roman, serif;\"><span style=\"font-size: medium;\">Administratorem Pana\/Pani danych osobowych jest <\/span><\/span><span style=\"color: #2b2b2b;\"><span style=\"font-family: Arial, serif;\">F.H-U DaNET z siedzib\u0105 w Bia\u0142ej <\/span><\/span><span style=\"color: #2b2b2b;\"><span style=\"font-family: Arial, serif;\">Piskiej przy ul. Stefana Batorego 20a<\/span><\/span><\/li>\n<li><span style=\"font-family: Times New Roman, serif;\"><span style=\"font-size: medium;\">W sprawie sposobu i zakresu przetwarzania Pana\/Pani danych osobowych oraz przys\u0142uguj\u0105cych Panu\/Pani uprawnie\u0144, mo\u017ce si\u0119 Pan\/Pani skontaktowa\u0107 z Inspektorem Ochrony Danych<\/span><\/span><span style=\"font-family: Times New Roman, serif;\"><span style=\"font-size: medium;\"> za po\u015brednictwem adresu email: rodo@danet.com.pl lub pisemnie na adres Administratora.<\/span><\/span><\/li>\n<li><span style=\"font-family: Times New Roman, serif;\"><span style=\"font-size: medium;\">Pa\u0144stwa dane osobowe przetwarzamy w celach:<\/span><\/span><\/li>\n<\/ol>\n<ul style=\"text-align: justify;\">\n<li>\n<p><span style=\"font-family: Times New Roman, serif;\"><span style=\"font-size: medium;\">wype\u0142nienia obowi\u0105zku prawnego ci\u0105\u017c\u0105cego na administratorze (art. 6 ust. 1 lit. c RODO),<\/span><\/span><\/p>\n<\/li>\n<li>\n<p><span style=\"font-family: Times New Roman, serif;\"><span style=\"font-size: medium;\">wykonania umowy, kt\u00f3rej Pan\/Pani jest stron\u0105, lub do podj\u0119cia dzia\u0142a\u0144 na \u017c\u0105danie Pana\/Pani, przed zawarciem umowy (art. 6 ust. 1 lit. b RODO),<\/span><\/span><\/p>\n<\/li>\n<li>\n<p><span style=\"font-family: Times New Roman, serif;\"><span style=\"font-size: medium;\">na podstawie Pana\/Pani zgody wyra\u017conej w jednym lub wi\u0119kszej liczbie okre\u015blonych cel\u00f3w (art. 6 ust. 1 lit. a RODO);<\/span><\/span><\/p>\n<\/li>\n<\/ul>\n<p style=\"text-align: justify;\"><span style=\"font-family: Times New Roman, serif;\"><span style=\"font-size: medium;\">4. Odbiorcami Pa\u0144stwa danych osobowych s\u0105 przede wszystkim instytucje przewidziane <\/span><\/span><span style=\"font-family: Times New Roman, serif;\"><span style=\"font-size: medium;\">przepisami prawa. Pa\u0144stwa dane osobowe mo\u017cemy r\u00f3wnie\u017c przekazywa\u0107 podmiotom przetwarzaj\u0105cym je w naszym imieniu, z kt\u00f3rymi mamy zawarte umowy powierzenia przetwarzania danych. <\/span><\/span><\/p>\n<p style=\"text-align: justify;\"><span style=\"font-family: Times New Roman, serif;\"><span style=\"font-size: medium;\">5. Pana\/Pani dane osobowe b\u0119d\u0105 przechowywane przez okres niezb\u0119dny do realizacji cel\u00f3w okre\u015blonych w pkt. 3, a po tym czasie przez okres oraz w zakresie wymaganym przez przepisy powszechnie obowi\u0105zuj\u0105cego prawa;<\/span><\/span><\/p>\n<p style=\"text-align: justify;\"><span style=\"font-family: Times New Roman, serif;\"><span style=\"font-size: medium;\">6. W trakcie przetwarzania danych osobowych przys\u0142uguj\u0105 Panu\/Pani nast\u0119puj\u0105ce prawa: \u00a0<\/span><\/span><\/p>\n<ul style=\"text-align: justify;\">\n<li>\n<p><span style=\"font-family: Times New Roman, serif;\"><span style=\"font-size: medium;\">\u017c\u0105dania dost\u0119pu do danych osobowych,<\/span><\/span><\/p>\n<\/li>\n<li>\n<p><span style=\"font-family: Times New Roman, serif;\"><span style=\"font-size: medium;\">\u017c\u0105dania sprostowania danych osobowych, \u00a0<\/span><\/span><\/p>\n<\/li>\n<li>\n<p><span style=\"font-family: Times New Roman, serif;\"><span style=\"font-size: medium;\">\u017c\u0105dania\u00a0usuni\u0119cia danych osobowych, <\/span><\/span><\/p>\n<\/li>\n<li>\n<p><span style=\"font-family: Times New Roman, serif;\"><span style=\"font-size: medium;\">\u017c\u0105dania\u00a0ograniczenia przetwarzania danych osobowych,<\/span><\/span><span style=\"font-family: Times New Roman, serif;\"><span style=\"font-size: medium;\"><u>,<\/u><\/span><\/span><span style=\"font-family: Times New Roman, serif;\"><span style=\"font-size: medium;\">,<\/span><\/span><\/p>\n<\/li>\n<\/ul>\n<p style=\"text-align: justify;\"><span style=\"font-family: Times New Roman, serif;\"><span style=\"font-size: medium;\">7. Je\u017celi przetwarzanie odbywa si\u0119 na podstawie Pana\/Pani zgody (art. 6 ust. 1 lit. a) \u2013 ma Pan\/Pani prawo do cofni\u0119cia zgody w dowolnym momencie bez wp\u0142ywu na zgodno\u015b\u0107 z prawem przetwarzania, kt\u00f3rego dokonano na podstawie zgody przed jej cofni\u0119ciem;<\/span><\/span><\/p>\n<p style=\"text-align: justify;\"><span style=\"font-family: Times New Roman, serif;\"><span style=\"font-size: medium;\">8. W zwi\u0105zku z przetwarzaniem Pa\u0144stwa danych osobowych, w przypadku powzi\u0119cia informacji o nieprawid\u0142owym przetwarzaniu tych danych, ma Pan\/Pani prawo do wniesienia skargi do organu nadzorczego \u2013 Prezesa Urz\u0119du Ochrony Danych Osobowych.<\/span><\/span><\/p>\n<p style=\"text-align: justify;\"><span style=\"font-family: Times New Roman, serif;\"><span style=\"font-size: medium;\">9. W przypadku, gdy podanie przez Pa\u0144stwa danych osobowych jest wymogiem ustawowym lub umownym lub warunkiem zawarcia umowy, jest Pan\/Pani zobowi\u0105zany\/a do ich podania. Konsekwencj\u0105 niepodania ww. danych osobowych b\u0119dzie brak mo\u017cliwo\u015bci osi\u0105gni\u0119cia cel\u00f3w, dla kt\u00f3rych je gromadzimy. W sytuacji, gdy przetwarzanie danych osobowych odbywa si\u0119 na podstawie Pa\u0144stwa zgody, podanie przez Pana\/Pani\u0105 tych danych jest dobrowolne.<\/span><\/span><\/p>\n<p style=\"text-align: justify;\"><span style=\"font-family: Times New Roman, serif;\"><span style=\"font-size: medium;\">10. Pa\u0144stwa dane osobowe nie b\u0119d\u0105 podlega\u0142y zautomatyzowanemu podejmowaniu decyzji, w tym profilowaniu.\u00a0 <\/span><\/span><\/p>\n<p style=\"text-align: justify;\"><span style=\"font-family: Times New Roman, serif;\"><span style=\"font-size: medium;\">11. W przypadku, gdy b\u0119dziemy planowali dalej przetwarza\u0107 Pa\u0144stwa dane osobowe w celu innym ni\u017c cel, w kt\u00f3rym dane osobowe zosta\u0142y zebrane, przed takim dalszym przetwarzaniem zostanie Pan\/Pani poinformowany\/a, o tym innym celu oraz udzielimy Panu\/Pani wszelkich innych stosownych informacji.<\/span><\/span><\/p>\n<p style=\"text-align: justify;\" align=\"CENTER\"><span style=\"font-family: Times, serif;\"><span lang=\"pl-PL\"><b>KLAUZULA INFORMACYJNA MONITORINGU WIZYJNEGO<\/b><\/span><\/span><\/p>\n<p style=\"text-align: justify;\" align=\"JUSTIFY\"><span style=\"font-family: Times, serif;\"><span lang=\"pl-PL\">Zgodnie z art. 13 Rozporz<\/span><\/span><span style=\"font-family: Times New Roman, serif;\"><span lang=\"pl-PL\">\u0105<\/span><\/span><span style=\"font-family: Times, serif;\"><span lang=\"pl-PL\">dzenia Parlamentu Europejskiego i Rady (UE) 2016\/679 z dnia 27 kwietnia 2016 r. w sprawie ochrony os\u00f3b fizycznych w zwi<\/span><\/span><span style=\"font-family: Times New Roman, serif;\"><span lang=\"pl-PL\">\u0105<\/span><\/span><span style=\"font-family: Times, serif;\"><span lang=\"pl-PL\">zku z przetwarzaniem danych osobowych i w sprawie swobodnego przep\u0142ywu takich danych oraz uchylenia dyrektywy 95\/46\/WE (og\u00f3lne rozporz<\/span><\/span><span style=\"font-family: Times New Roman, serif;\"><span lang=\"pl-PL\">\u0105<\/span><\/span><span style=\"font-family: Times, serif;\"><span lang=\"pl-PL\">dzenie o ochronie danych), publ. <\/span><\/span><span style=\"font-family: Times, serif;\">Dz. Urz. UE L Nr 119, s. 1:<\/span><\/p>\n<ol>\n<li lang=\"pl-PL\"><span style=\"font-family: Times, serif;\">Administratorem danych przetwarzanych w ramach stosowanego monitoringu wizyjnego jest FH-U DaNET Ma\u0142gorzata Bu\u0107ko (adres: 12-230 Bia\u0142a Piska, ul. Batorego 20A, adres e-mail: jacek-bucko@wp.pl, numer telefonu: 668 485 915).<\/span><\/li>\n<li>\n<p align=\"JUSTIFY\"><span style=\"font-family: Times New Roman, serif;\">W sprawie sposobu i zakresu przetwarzania Pana\/Pani danych osobowych oraz przys\u0142uguj\u0105cych Panu\/Pani uprawnie\u0144, mo\u017ce si\u0119 Pan\/Pani skontaktowa\u0107 z Inspektorem Ochrony Danych<\/span><span style=\"font-family: Times New Roman, serif;\"> za po\u015brednictwem adresu email: rodo@danet.com.pl lub pisemnie na adres Administratora.<\/span><\/p>\n<\/li>\n<li>\n<p lang=\"pl-PL\" align=\"JUSTIFY\"><span style=\"font-family: Times, serif;\">Dane osobowe b\u0119d\u0105 przetwarzane w celu zapewnienia bezpiecze\u0144stwa os\u00f3b na terenie monitorowanym.<\/span><\/p>\n<\/li>\n<li>\n<p align=\"JUSTIFY\"><span style=\"font-family: Times, serif;\"><span lang=\"pl-PL\">Dane osobowe b<\/span><\/span><span style=\"font-family: Times New Roman, serif;\"><span lang=\"pl-PL\">\u0119<\/span><\/span><span style=\"font-family: Times, serif;\"><span lang=\"pl-PL\">d<\/span><\/span><span style=\"font-family: Times New Roman, serif;\"><span lang=\"pl-PL\">\u0105<\/span><\/span><span style=\"font-family: Times, serif;\"><span lang=\"pl-PL\"> przetwarzane przez okres nieprzekraczaj<\/span><\/span><span style=\"font-family: Times New Roman, serif;\"><span lang=\"pl-PL\">\u0105<\/span><\/span><span style=\"font-family: Times, serif;\"><span lang=\"pl-PL\">cy 3 miesi\u0119cy od dnia nagrania. Termin ten mo<\/span><\/span><span style=\"font-family: Times New Roman, serif;\"><span lang=\"pl-PL\">\u017c<\/span><\/span><span style=\"font-family: Times, serif;\"><span lang=\"pl-PL\">e ulec przed\u0142u<\/span><\/span><span style=\"font-family: Times New Roman, serif;\"><span lang=\"pl-PL\">\u017c<\/span><\/span><span style=\"font-family: Times, serif;\"><span lang=\"pl-PL\">eniu w sytuacji, gdy nagrania z monitoringu stanowi<\/span><\/span><span style=\"font-family: Times New Roman, serif;\"><span lang=\"pl-PL\">\u0105<\/span><\/span><span style=\"font-family: Times, serif;\"><span lang=\"pl-PL\"> dow\u00f3d w post<\/span><\/span><span style=\"font-family: Times New Roman, serif;\"><span lang=\"pl-PL\">\u0119<\/span><\/span><span style=\"font-family: Times, serif;\"><span lang=\"pl-PL\">powaniu prowadzonym na podstawie przepis\u00f3w prawa, b<\/span><\/span><span style=\"font-family: Times New Roman, serif;\"><span lang=\"pl-PL\">\u0105<\/span><\/span><span style=\"font-family: Times, serif;\"><span lang=\"pl-PL\">d<\/span><\/span><span style=\"font-family: Times New Roman, serif;\"><span lang=\"pl-PL\">\u017a<\/span><\/span><span style=\"font-family: Times, serif;\"><span lang=\"pl-PL\"> w sytuacji, gdy administrator powzi<\/span><\/span><span style=\"font-family: Times New Roman, serif;\"><span lang=\"pl-PL\">\u0105<\/span><\/span><span style=\"font-family: Times, serif;\"><span lang=\"pl-PL\">\u0142 wiadomo<\/span><\/span><span style=\"font-family: Times New Roman, serif;\"><span lang=\"pl-PL\">\u015b\u0107<\/span><\/span><span style=\"font-family: Times, serif;\"><span lang=\"pl-PL\">, i<\/span><\/span><span style=\"font-family: Times New Roman, serif;\"><span lang=\"pl-PL\">\u017c<\/span><\/span><span style=\"font-family: Times, serif;\"><span lang=\"pl-PL\"> mog<\/span><\/span><span style=\"font-family: Times New Roman, serif;\"><span lang=\"pl-PL\">\u0105<\/span><\/span><span style=\"font-family: Times, serif;\"><span lang=\"pl-PL\"> one stanowi<\/span><\/span><span style=\"font-family: Times New Roman, serif;\"><span lang=\"pl-PL\">\u0107<\/span><\/span><span style=\"font-family: Times, serif;\"><span lang=\"pl-PL\"> dow\u00f3d w post<\/span><\/span><span style=\"font-family: Times New Roman, serif;\"><span lang=\"pl-PL\">\u0119<\/span><\/span><span style=\"font-family: Times, serif;\"><span lang=\"pl-PL\">powaniu. Przed\u0142u<\/span><\/span><span style=\"font-family: Times New Roman, serif;\"><span lang=\"pl-PL\">\u017c<\/span><\/span><span style=\"font-family: Times, serif;\"><span lang=\"pl-PL\">enie terminu mo<\/span><\/span><span style=\"font-family: Times New Roman, serif;\"><span lang=\"pl-PL\">\u017c<\/span><\/span><span style=\"font-family: Times, serif;\"><span lang=\"pl-PL\">e nast<\/span><\/span><span style=\"font-family: Times New Roman, serif;\"><span lang=\"pl-PL\">\u0105<\/span><\/span><span style=\"font-family: Times, serif;\"><span lang=\"pl-PL\">pi<\/span><\/span><span style=\"font-family: Times New Roman, serif;\"><span lang=\"pl-PL\">\u0107<\/span><\/span><span style=\"font-family: Times, serif;\"><span lang=\"pl-PL\"> do czasu prawomocnego zako<\/span><\/span><span style=\"font-family: Times New Roman, serif;\"><span lang=\"pl-PL\">\u0144<\/span><\/span><span style=\"font-family: Times, serif;\"><span lang=\"pl-PL\">czenia post<\/span><\/span><span style=\"font-family: Times New Roman, serif;\"><span lang=\"pl-PL\">\u0119<\/span><\/span><span style=\"font-family: Times, serif;\"><span lang=\"pl-PL\">powania.<\/span><\/span><\/p>\n<\/li>\n<li>\n<p align=\"JUSTIFY\"><span style=\"font-family: Times New Roman, serif;\"><span lang=\"pl-PL\">Podstaw\u0105 prawn\u0105 przetwarzania wizerunku pracownik\u00f3w oraz innych os\u00f3b zarejestrowanych przez monitoring jest art. 6 ust. 1 lit. f) ww. Rozporz\u0105dzenia (<\/span><\/span><span style=\"font-family: Times New Roman, serif;\">przetwarzanie jest niezb\u0119dne do cel\u00f3w wynikaj\u0105cych z prawnie uzasadnionych interes\u00f3w realizowanych przez administratora)<\/span><span style=\"font-family: Times New Roman, serif;\"><span lang=\"pl-PL\">.<\/span><\/span><\/p>\n<\/li>\n<li>\n<p align=\"JUSTIFY\"><span style=\"font-family: Times, serif;\"><span lang=\"pl-PL\">Dane osobowe mog<\/span><\/span><span style=\"font-family: Times New Roman, serif;\"><span lang=\"pl-PL\">\u0105<\/span><\/span><span style=\"font-family: Times, serif;\"><span lang=\"pl-PL\"> by<\/span><\/span><span style=\"font-family: Times New Roman, serif;\"><span lang=\"pl-PL\">\u0107<\/span><\/span><span style=\"font-family: Times, serif;\"><span lang=\"pl-PL\"> przekazywane w przypadku wykazania podstawy prawnej \u017c\u0105dania udzielenia informacji, kt\u00f3ra zawiera dane osobowe.<\/span><\/span><\/p>\n<\/li>\n<li>\n<p align=\"JUSTIFY\"><span style=\"font-family: Times, serif;\"><span lang=\"pl-PL\">Osoba, kt\u00f3rej dane dotycz<\/span><\/span><span style=\"font-family: Times New Roman, serif;\"><span lang=\"pl-PL\">\u0105<\/span><\/span><span style=\"font-family: Times, serif;\"><span lang=\"pl-PL\"> ma prawo do:<\/span><\/span><\/p>\n<\/li>\n<\/ol>\n<p style=\"text-align: justify;\" align=\"LEFT\"><span style=\"font-family: Times New Roman, serif;\"><span lang=\"pl-PL\">&#8211; \u017c\u0105<\/span><\/span><span style=\"font-family: Times, serif;\"><span lang=\"pl-PL\">dania dost<\/span><\/span><span style=\"font-family: Times New Roman, serif;\"><span lang=\"pl-PL\">\u0119<\/span><\/span><span style=\"font-family: Times, serif;\"><span lang=\"pl-PL\">pu do danych osobowych oraz ograniczenia<\/span><\/span> <span style=\"font-family: Times, serif;\"><span lang=\"pl-PL\">przetwarzania danych osobowych;<\/span><\/span><\/p>\n<p style=\"text-align: justify;\"><span style=\"font-family: Times New Roman, serif;\"><span style=\"font-size: medium;\"><span lang=\"pl-PL\">&#8211; wniesienia skargi do organu nadzorczego w przypadku gdy przetwarzanie danych odbywa si\u0119 z naruszeniem przepis\u00f3w powy\u017cszego rozporz\u0105dzenia tj. <\/span><\/span><\/span><span style=\"font-family: Times New Roman, serif;\"><span style=\"font-size: medium;\">Prezesa Urz\u0119du Ochrony Danych Osobowych, ul. Stawki 2, 00-193 Warszawa. <\/span><\/span><\/p>\n","protected":false},"excerpt":{"rendered":"<p>Przestrzeganie zasad ochrony danych w F.H-U DaNET nadzoruje wyznaczony Inspektor Ochrony Danych\u00a0Maciej \u017bo\u0142nowski\u00a0z kt\u00f3rym mo\u017cna skontaktowa\u0107 si\u0119 pod adresem email:\u00a0inspektor@cbi24.pl\u00a0; Og\u00f3lna klauzula informacyjna RODO Zgodnie z art. 13 rozporz\u0105dzenia Parlamentu Europejskiego i Rady (UE) 2016\/679 z dnia 27 kwietnia 2016 r. w sprawie ochrony os\u00f3b fizycznych w zwi\u0105zku z przetwarzaniem danych osobowych i w sprawie &hellip; <a href=\"https:\/\/danet.com.pl\/?page_id=649\" class=\"more-link\">Czytaj dalej <span class=\"screen-reader-text\">RODO<\/span> <span class=\"meta-nav\">&rarr;<\/span><\/a><\/p>\n","protected":false},"author":1,"featured_media":0,"parent":0,"menu_order":0,"comment_status":"closed","ping_status":"closed","template":"","meta":{"footnotes":""},"class_list":["post-649","page","type-page","status-publish","hentry"],"_links":{"self":[{"href":"https:\/\/danet.com.pl\/index.php?rest_route=\/wp\/v2\/pages\/649","targetHints":{"allow":["GET"]}}],"collection":[{"href":"https:\/\/danet.com.pl\/index.php?rest_route=\/wp\/v2\/pages"}],"about":[{"href":"https:\/\/danet.com.pl\/index.php?rest_route=\/wp\/v2\/types\/page"}],"author":[{"embeddable":true,"href":"https:\/\/danet.com.pl\/index.php?rest_route=\/wp\/v2\/users\/1"}],"replies":[{"embeddable":true,"href":"https:\/\/danet.com.pl\/index.php?rest_route=%2Fwp%2Fv2%2Fcomments&post=649"}],"version-history":[{"count":1,"href":"https:\/\/danet.com.pl\/index.php?rest_route=\/wp\/v2\/pages\/649\/revisions"}],"predecessor-version":[{"id":651,"href":"https:\/\/danet.com.pl\/index.php?rest_route=\/wp\/v2\/pages\/649\/revisions\/651"}],"wp:attachment":[{"href":"https:\/\/danet.com.pl\/index.php?rest_route=%2Fwp%2Fv2%2Fmedia&parent=649"}],"curies":[{"name":"wp","href":"https:\/\/api.w.org\/{rel}","templated":true}]}}