{"id":41,"date":"2016-05-18T15:27:48","date_gmt":"2016-05-18T13:27:48","guid":{"rendered":"https:\/\/danet.com.pl\/?page_id=41"},"modified":"2018-09-13T21:12:24","modified_gmt":"2018-09-13T19:12:24","slug":"kontakt","status":"publish","type":"page","link":"https:\/\/danet.com.pl\/?page_id=41","title":{"rendered":"KONTAKT"},"content":{"rendered":"<p style=\"text-align: center;\"><strong>Dane adresowe Firmy:<\/strong><br \/>\nFIRMA HANDLOWO &#8211; US\u0141UGOWA<br \/>\nDaNET<br \/>\nMA\u0141GORZATA BU\u0106KO<br \/>\n12-230 BIA\u0141A PISKA<br \/>\nUL. STEFANA BATOREGO 20A<br \/>\nNIP: 849-103-94-34<\/p>\n<p style=\"text-align: center;\"><strong>NR KONTA: WMBS 45 9364 0000 2007 0019 5689 0001<\/strong><\/p>\n<p style=\"text-align: center;\">TEL. KOM\u00d3RKOWY: 668 485 915<\/p>\n<p style=\"text-align: center;\">E-MAIL: admin@poczta.danet.com.pl<\/p>\n<p style=\"text-align: justify;\">Informujemy, \u017ce wszystkie sprawy zwi\u0105zane z DaNET (umowy, op\u0142aty, zg\u0142aszanie awarii itd.) mog\u0105 Pa\u0144stwo zrealizowa\u0107 w biurze firmy przy ul. Plac Mickiewicza 29 w Bia\u0142ej Piskiej (budynek kwiaciarni &#8222;Pod kasztanami&#8221;).<\/p>\n<p style=\"text-align: justify;\"><strong>Godziny pracy:<\/strong><\/p>\n<ul>\n<li style=\"text-align: justify;\">Pn-Pt 9:00-17:00<\/li>\n<li style=\"text-align: justify;\">Sobota 9:00-15:00<\/li>\n<\/ul>\n<p>&nbsp;<\/p>\n<p>Kontaktuj\u0105c si\u0119 z nami drog\u0105 elektroniczn\u0105 wyra\u017casz jednocze\u015bnie  zgod\u0119 na przetwarzanie Twoich danych osobowych w zwi\u0105zku z realizacj\u0105 zg\u0142oszenia.<\/p>\n<p>Warto wiedzie\u0107 \u017ce:<\/p>\n<ol>\n<li>podanie danych jest dobrowolne, ale niezb\u0119dne do przetworzenia zapytania \u2013 brak podania danych uniemo\u017cliwi kontakt, a tym samym odpowied\u017a na zg\u0142oszenie;<\/li>\n<li>Administratorem danych osobowych staje si\u0119 F.H-U DaNET z siedzib\u0105 w Bia\u0142ej Piskiej przy ul. Stefana Batorego 20a;<\/li>\n<li>Przestrzeganie zasad ochrony danych w F.H-U DaNET nadzoruje wyznaczony Inspektor Ochrony Danych <span style=\"font-family: arial, helvetica, sans-serif;\">Maciej \u017bo\u0142nowski<\/span> z kt\u00f3rym mo\u017cna skontaktowa\u0107 si\u0119 pod adresem email: <span style=\"font-family: arial, helvetica, sans-serif;\"><a href=\"https:\/\/poczta.danet.com.pl\/#NOP\" rel=\"noreferrer\"><u>inspektor@cbi24.pl<\/u><\/a> <\/span>;<\/li>\n<li>podane dane osobowe b\u0119d\u0105 przetwarzane tylko w zakresie realizacji zg\u0142oszenia przez osoby upowa\u017cnione zobowi\u0105zane do zachowania poufno\u015bci;<\/li>\n<li>dane osobowe b\u0119d\u0105 przechowywane do momentu realizacji zg\u0142oszenia lub odwo\u0142ania zgody;<\/li>\n<li>dbamy o Twoje dane osobowe, a Ty masz prawo wniesienia skargi do organu nadzorczego, gdy uznasz, \u017ce przetwarzanie Twoich danych osobowych narusza przepisy og\u00f3lnego rozporz\u0105dzenia o ochronie danych osobowych z dnia 27 kwietnia 2016 r. (RODO);<\/li>\n<li>posiadasz prawo dost\u0119pu do swoich danych, prawo do ich sprostowania, \u017c\u0105dania ograniczenia przetwarzania i usuni\u0119cia danych.<\/li>\n<\/ol>\n","protected":false},"excerpt":{"rendered":"<p>Dane adresowe Firmy: FIRMA HANDLOWO &#8211; US\u0141UGOWA DaNET MA\u0141GORZATA BU\u0106KO 12-230 BIA\u0141A PISKA UL. STEFANA BATOREGO 20A NIP: 849-103-94-34 NR KONTA: WMBS 45 9364 0000 2007 0019 5689 0001 TEL. KOM\u00d3RKOWY: 668 485 915 E-MAIL: admin@poczta.danet.com.pl Informujemy, \u017ce wszystkie sprawy zwi\u0105zane z DaNET (umowy, op\u0142aty, zg\u0142aszanie awarii itd.) mog\u0105 Pa\u0144stwo zrealizowa\u0107 w biurze firmy przy &hellip; <a href=\"https:\/\/danet.com.pl\/?page_id=41\" class=\"more-link\">Czytaj dalej <span class=\"screen-reader-text\">KONTAKT<\/span> <span class=\"meta-nav\">&rarr;<\/span><\/a><\/p>\n","protected":false},"author":1,"featured_media":0,"parent":0,"menu_order":2,"comment_status":"closed","ping_status":"closed","template":"","meta":{"footnotes":""},"class_list":["post-41","page","type-page","status-publish","hentry"],"_links":{"self":[{"href":"https:\/\/danet.com.pl\/index.php?rest_route=\/wp\/v2\/pages\/41","targetHints":{"allow":["GET"]}}],"collection":[{"href":"https:\/\/danet.com.pl\/index.php?rest_route=\/wp\/v2\/pages"}],"about":[{"href":"https:\/\/danet.com.pl\/index.php?rest_route=\/wp\/v2\/types\/page"}],"author":[{"embeddable":true,"href":"https:\/\/danet.com.pl\/index.php?rest_route=\/wp\/v2\/users\/1"}],"replies":[{"embeddable":true,"href":"https:\/\/danet.com.pl\/index.php?rest_route=%2Fwp%2Fv2%2Fcomments&post=41"}],"version-history":[{"count":19,"href":"https:\/\/danet.com.pl\/index.php?rest_route=\/wp\/v2\/pages\/41\/revisions"}],"predecessor-version":[{"id":457,"href":"https:\/\/danet.com.pl\/index.php?rest_route=\/wp\/v2\/pages\/41\/revisions\/457"}],"wp:attachment":[{"href":"https:\/\/danet.com.pl\/index.php?rest_route=%2Fwp%2Fv2%2Fmedia&parent=41"}],"curies":[{"name":"wp","href":"https:\/\/api.w.org\/{rel}","templated":true}]}}