{"id":35,"date":"2016-05-18T15:26:06","date_gmt":"2016-05-18T13:26:06","guid":{"rendered":"https:\/\/danet.com.pl\/?page_id=35"},"modified":"2016-05-20T08:44:32","modified_gmt":"2016-05-20T06:44:32","slug":"zasieg-sieci","status":"publish","type":"page","link":"https:\/\/danet.com.pl\/?page_id=35","title":{"rendered":"ZASI\u0118G SIECI"},"content":{"rendered":"<p>Nasza firma \u015bwiadczy us\u0142ugi w zakresie dost\u0119pu do Internetu na terenie miasta Bia\u0142a Piska. Wed\u0142ug stanu na dzie\u0144 1 stycze\u0144 2016r. zapewniamy \u015bwiadczenie us\u0142ug szerokopasmowego Internetu na terenie miejscowo\u015bci i ich okolic*:<\/p>\n<ul>\n<li>Bia\u0142a Piska,<\/li>\n<li>Dryga\u0142y,<\/li>\n<li>Nowe Dryga\u0142y,<\/li>\n<li>I\u0142ki,<\/li>\n<li>Szkody,<\/li>\n<li>Radysy,<\/li>\n<li>Kolonia Kawa\u0142ek,<\/li>\n<li>Komorowo,<\/li>\n<li>K\u00f3zki.<\/li>\n<\/ul>\n<p>*)Zastrzegamy sobie prawo odmowy zestawienia \u0142\u0105cza w przypadku braku warunk\u00f3w technicznych. Zasi\u0119g dzia\u0142ania naszej sieci stale si\u0119 powi\u0119ksza. O szczeg\u00f3\u0142ach i zmianach informowa\u0107 b\u0119dziemy na tej stronie.<\/p>\n","protected":false},"excerpt":{"rendered":"<p>Nasza firma \u015bwiadczy us\u0142ugi w zakresie dost\u0119pu do Internetu na terenie miasta Bia\u0142a Piska. Wed\u0142ug stanu na dzie\u0144 1 stycze\u0144 2016r. zapewniamy \u015bwiadczenie us\u0142ug szerokopasmowego Internetu na terenie miejscowo\u015bci i ich okolic*: Bia\u0142a Piska, Dryga\u0142y, Nowe Dryga\u0142y, I\u0142ki, Szkody, Radysy, Kolonia Kawa\u0142ek, Komorowo, K\u00f3zki. *)Zastrzegamy sobie prawo odmowy zestawienia \u0142\u0105cza w przypadku braku warunk\u00f3w technicznych. &hellip; <a href=\"https:\/\/danet.com.pl\/?page_id=35\" class=\"more-link\">Czytaj dalej <span class=\"screen-reader-text\">ZASI\u0118G SIECI<\/span> <span class=\"meta-nav\">&rarr;<\/span><\/a><\/p>\n","protected":false},"author":1,"featured_media":0,"parent":11,"menu_order":0,"comment_status":"closed","ping_status":"closed","template":"","meta":{"footnotes":""},"class_list":["post-35","page","type-page","status-publish","hentry"],"_links":{"self":[{"href":"https:\/\/danet.com.pl\/index.php?rest_route=\/wp\/v2\/pages\/35","targetHints":{"allow":["GET"]}}],"collection":[{"href":"https:\/\/danet.com.pl\/index.php?rest_route=\/wp\/v2\/pages"}],"about":[{"href":"https:\/\/danet.com.pl\/index.php?rest_route=\/wp\/v2\/types\/page"}],"author":[{"embeddable":true,"href":"https:\/\/danet.com.pl\/index.php?rest_route=\/wp\/v2\/users\/1"}],"replies":[{"embeddable":true,"href":"https:\/\/danet.com.pl\/index.php?rest_route=%2Fwp%2Fv2%2Fcomments&post=35"}],"version-history":[{"count":3,"href":"https:\/\/danet.com.pl\/index.php?rest_route=\/wp\/v2\/pages\/35\/revisions"}],"predecessor-version":[{"id":110,"href":"https:\/\/danet.com.pl\/index.php?rest_route=\/wp\/v2\/pages\/35\/revisions\/110"}],"up":[{"embeddable":true,"href":"https:\/\/danet.com.pl\/index.php?rest_route=\/wp\/v2\/pages\/11"}],"wp:attachment":[{"href":"https:\/\/danet.com.pl\/index.php?rest_route=%2Fwp%2Fv2%2Fmedia&parent=35"}],"curies":[{"name":"wp","href":"https:\/\/api.w.org\/{rel}","templated":true}]}}