{"id":33,"date":"2016-05-18T15:25:41","date_gmt":"2016-05-18T13:25:41","guid":{"rendered":"https:\/\/danet.com.pl\/?page_id=33"},"modified":"2016-05-21T22:23:13","modified_gmt":"2016-05-21T20:23:13","slug":"uslugi-it","status":"publish","type":"page","link":"https:\/\/danet.com.pl\/?page_id=33","title":{"rendered":"US\u0141UGI IT"},"content":{"rendered":"<p><strong><img loading=\"lazy\" decoding=\"async\" class=\"wp-image-122 alignright\" src=\"https:\/\/danet.com.pl\/wp-content\/uploads\/2016\/05\/komputer.jpg\" alt=\"komputer\" width=\"145\" height=\"118\" \/>Us\u0142ugi informatyczne i serwisowe IT<\/strong><\/p>\n<ul>\n<li style=\"text-align: justify;\">Diagnostyka i test sprz\u0119tu<\/li>\n<li style=\"text-align: justify;\">Instalacja\/wymiana podzespo\u0142u w komputerze (np. karta gfx, pami\u0119\u0107 RAM)<\/li>\n<li style=\"text-align: justify;\">Konfiguracja i aktualizacja BIOS<\/li>\n<li style=\"text-align: justify;\">Kompleksowe instalowanie systemu operacyjnego Windows<\/li>\n<li style=\"text-align: justify;\">Instalowanie systemu operacyjnego Unix\/Linux<\/li>\n<li style=\"text-align: justify;\">Konfiguracja routera<\/li>\n<li style=\"text-align: justify;\">Czyszczenie wn\u0119trza komputera<\/li>\n<li style=\"text-align: justify;\">Usuwanie wirus\u00f3w i szkodliwego oprogramowania<\/li>\n<li style=\"text-align: justify;\">Partycjonowanie i formatowanie dysku twardego<\/li>\n<li style=\"text-align: justify;\">Odzyskiwanie skasowanych danych\/partycji z dysku twardego (w zale\u017cno\u015bci od stopnia skomplikowania)<\/li>\n<li style=\"text-align: justify;\">Odzyskiwanie skasowanych\/utraconych zdj\u0119\u0107 z kart pami\u0119ci\/aparat\u00f3w foto (w zale\u017cno\u015bci od stopnia skomplikowania)<\/li>\n<li style=\"text-align: justify;\">Tworzenie kopii zapasowych i archiwizacja danych (CD, DVD, HDD)<\/li>\n<li style=\"text-align: justify;\">Instalacja urz\u0105dze\u0144 peryferyjnych<\/li>\n<li style=\"text-align: justify;\">Instalacja sterownik\u00f3w<\/li>\n<\/ul>\n","protected":false},"excerpt":{"rendered":"<p>Us\u0142ugi informatyczne i serwisowe IT Diagnostyka i test sprz\u0119tu Instalacja\/wymiana podzespo\u0142u w komputerze (np. karta gfx, pami\u0119\u0107 RAM) Konfiguracja i aktualizacja BIOS Kompleksowe instalowanie systemu operacyjnego Windows Instalowanie systemu operacyjnego Unix\/Linux Konfiguracja routera Czyszczenie wn\u0119trza komputera Usuwanie wirus\u00f3w i szkodliwego oprogramowania Partycjonowanie i formatowanie dysku twardego Odzyskiwanie skasowanych danych\/partycji z dysku twardego (w zale\u017cno\u015bci od &hellip; <a href=\"https:\/\/danet.com.pl\/?page_id=33\" class=\"more-link\">Czytaj dalej <span class=\"screen-reader-text\">US\u0141UGI IT<\/span> <span class=\"meta-nav\">&rarr;<\/span><\/a><\/p>\n","protected":false},"author":1,"featured_media":0,"parent":27,"menu_order":0,"comment_status":"closed","ping_status":"closed","template":"","meta":{"footnotes":""},"class_list":["post-33","page","type-page","status-publish","hentry"],"_links":{"self":[{"href":"https:\/\/danet.com.pl\/index.php?rest_route=\/wp\/v2\/pages\/33","targetHints":{"allow":["GET"]}}],"collection":[{"href":"https:\/\/danet.com.pl\/index.php?rest_route=\/wp\/v2\/pages"}],"about":[{"href":"https:\/\/danet.com.pl\/index.php?rest_route=\/wp\/v2\/types\/page"}],"author":[{"embeddable":true,"href":"https:\/\/danet.com.pl\/index.php?rest_route=\/wp\/v2\/users\/1"}],"replies":[{"embeddable":true,"href":"https:\/\/danet.com.pl\/index.php?rest_route=%2Fwp%2Fv2%2Fcomments&post=33"}],"version-history":[{"count":5,"href":"https:\/\/danet.com.pl\/index.php?rest_route=\/wp\/v2\/pages\/33\/revisions"}],"predecessor-version":[{"id":123,"href":"https:\/\/danet.com.pl\/index.php?rest_route=\/wp\/v2\/pages\/33\/revisions\/123"}],"up":[{"embeddable":true,"href":"https:\/\/danet.com.pl\/index.php?rest_route=\/wp\/v2\/pages\/27"}],"wp:attachment":[{"href":"https:\/\/danet.com.pl\/index.php?rest_route=%2Fwp%2Fv2%2Fmedia&parent=33"}],"curies":[{"name":"wp","href":"https:\/\/api.w.org\/{rel}","templated":true}]}}