{"id":31,"date":"2016-05-18T15:25:20","date_gmt":"2016-05-18T13:25:20","guid":{"rendered":"https:\/\/danet.com.pl\/?page_id=31"},"modified":"2016-05-21T22:26:05","modified_gmt":"2016-05-21T20:26:05","slug":"budowa-sieci","status":"publish","type":"page","link":"https:\/\/danet.com.pl\/?page_id=31","title":{"rendered":"BUDOWA SIECI"},"content":{"rendered":"<p style=\"text-align: justify;\">Nasza firma oferuje projektowanie <img loading=\"lazy\" decoding=\"async\" class=\" wp-image-124 alignright\" src=\"https:\/\/danet.com.pl\/wp-content\/uploads\/2016\/05\/siec.jpg\" alt=\"siec\" width=\"170\" height=\"113\" \/>i wykonywanie sieci strukturalnych. Wykonujemy instalacje kablowe (w kategorii 5e i 6) oraz sieci bezprzewodowe. Montujemy i konfigurujemy urz\u0105dzenia sieciowe, szafy teleinformatyczne. Wykonujemy instalacje teletechniczne, takie jak sieci komputerowe. Dob\u00f3r element\u00f3w z kt\u00f3rych wykonujemy sie\u0107 strukturaln\u0105 opieramy o nasze do\u015bwiadczenia jak r\u00f3wnie\u017c o preferencje naszego Klienta.<\/p>\n","protected":false},"excerpt":{"rendered":"<p>Nasza firma oferuje projektowanie i wykonywanie sieci strukturalnych. Wykonujemy instalacje kablowe (w kategorii 5e i 6) oraz sieci bezprzewodowe. Montujemy i konfigurujemy urz\u0105dzenia sieciowe, szafy teleinformatyczne. Wykonujemy instalacje teletechniczne, takie jak sieci komputerowe. Dob\u00f3r element\u00f3w z kt\u00f3rych wykonujemy sie\u0107 strukturaln\u0105 opieramy o nasze do\u015bwiadczenia jak r\u00f3wnie\u017c o preferencje naszego Klienta.<\/p>\n","protected":false},"author":1,"featured_media":0,"parent":27,"menu_order":0,"comment_status":"closed","ping_status":"closed","template":"","meta":{"footnotes":""},"class_list":["post-31","page","type-page","status-publish","hentry"],"_links":{"self":[{"href":"https:\/\/danet.com.pl\/index.php?rest_route=\/wp\/v2\/pages\/31","targetHints":{"allow":["GET"]}}],"collection":[{"href":"https:\/\/danet.com.pl\/index.php?rest_route=\/wp\/v2\/pages"}],"about":[{"href":"https:\/\/danet.com.pl\/index.php?rest_route=\/wp\/v2\/types\/page"}],"author":[{"embeddable":true,"href":"https:\/\/danet.com.pl\/index.php?rest_route=\/wp\/v2\/users\/1"}],"replies":[{"embeddable":true,"href":"https:\/\/danet.com.pl\/index.php?rest_route=%2Fwp%2Fv2%2Fcomments&post=31"}],"version-history":[{"count":3,"href":"https:\/\/danet.com.pl\/index.php?rest_route=\/wp\/v2\/pages\/31\/revisions"}],"predecessor-version":[{"id":125,"href":"https:\/\/danet.com.pl\/index.php?rest_route=\/wp\/v2\/pages\/31\/revisions\/125"}],"up":[{"embeddable":true,"href":"https:\/\/danet.com.pl\/index.php?rest_route=\/wp\/v2\/pages\/27"}],"wp:attachment":[{"href":"https:\/\/danet.com.pl\/index.php?rest_route=%2Fwp%2Fv2%2Fmedia&parent=31"}],"curies":[{"name":"wp","href":"https:\/\/api.w.org\/{rel}","templated":true}]}}