{"id":29,"date":"2016-05-18T15:24:59","date_gmt":"2016-05-18T13:24:59","guid":{"rendered":"https:\/\/danet.com.pl\/?page_id=29"},"modified":"2016-05-21T22:18:08","modified_gmt":"2016-05-21T20:18:08","slug":"swiatlowody","status":"publish","type":"page","link":"https:\/\/danet.com.pl\/?page_id=29","title":{"rendered":"\u015aWIAT\u0141OWODY"},"content":{"rendered":"<p><strong>Spawanie \u015awiat\u0142owod\u00f3w<\/strong><\/p>\n<p style=\"text-align: justify;\">Wykonujemy nowe instalacje \u015bwiat\u0142owodowe oraz serwisujemy i naprawiamy istniej\u0105ce. Pomagamy przy budowie sieci lo<strong><img loading=\"lazy\" decoding=\"async\" class=\" wp-image-115 alignright\" src=\"https:\/\/danet.com.pl\/wp-content\/uploads\/2016\/05\/spawarka-swiatlowodowa-d_3324-297x300.jpg\" alt=\"spawarka\" width=\"140\" height=\"141\" \/><\/strong>gicznych pocz\u0105wszy od ich projektowania, dostarczania materia\u0142\u00f3w potrzebnych do budowy systemu, spawania \u015bwiat\u0142owod\u00f3w jak i wybudowania zaprojektowanego rozwi\u0105zania.<br \/>\nWykonujemy spawy \u015bwiat\u0142owodowe jednomodowe i wielomodowe.<\/p>\n<p style=\"text-align: justify;\">Oferujemy atrakcyjne ceny spawania \u015bwiat\u0142owod\u00f3w. Cena spawania \u015bwiat\u0142owod\u00f3w uzale\u017cniona jest od ilo\u015bci spawanych w\u0142\u00f3kien, oraz od dotychczasowej wsp\u00f3\u0142pracy z zleceniodawc\u0105. Dla sta\u0142ych klient\u00f3w gwarantujemy najni\u017csze ceny.<\/p>\n","protected":false},"excerpt":{"rendered":"<p>Spawanie \u015awiat\u0142owod\u00f3w Wykonujemy nowe instalacje \u015bwiat\u0142owodowe oraz serwisujemy i naprawiamy istniej\u0105ce. Pomagamy przy budowie sieci logicznych pocz\u0105wszy od ich projektowania, dostarczania materia\u0142\u00f3w potrzebnych do budowy systemu, spawania \u015bwiat\u0142owod\u00f3w jak i wybudowania zaprojektowanego rozwi\u0105zania. Wykonujemy spawy \u015bwiat\u0142owodowe jednomodowe i wielomodowe. Oferujemy atrakcyjne ceny spawania \u015bwiat\u0142owod\u00f3w. Cena spawania \u015bwiat\u0142owod\u00f3w uzale\u017cniona jest od ilo\u015bci spawanych w\u0142\u00f3kien, oraz od &hellip; <a href=\"https:\/\/danet.com.pl\/?page_id=29\" class=\"more-link\">Czytaj dalej <span class=\"screen-reader-text\">\u015aWIAT\u0141OWODY<\/span> <span class=\"meta-nav\">&rarr;<\/span><\/a><\/p>\n","protected":false},"author":1,"featured_media":0,"parent":27,"menu_order":0,"comment_status":"closed","ping_status":"closed","template":"","meta":{"footnotes":""},"class_list":["post-29","page","type-page","status-publish","hentry"],"_links":{"self":[{"href":"https:\/\/danet.com.pl\/index.php?rest_route=\/wp\/v2\/pages\/29","targetHints":{"allow":["GET"]}}],"collection":[{"href":"https:\/\/danet.com.pl\/index.php?rest_route=\/wp\/v2\/pages"}],"about":[{"href":"https:\/\/danet.com.pl\/index.php?rest_route=\/wp\/v2\/types\/page"}],"author":[{"embeddable":true,"href":"https:\/\/danet.com.pl\/index.php?rest_route=\/wp\/v2\/users\/1"}],"replies":[{"embeddable":true,"href":"https:\/\/danet.com.pl\/index.php?rest_route=%2Fwp%2Fv2%2Fcomments&post=29"}],"version-history":[{"count":6,"href":"https:\/\/danet.com.pl\/index.php?rest_route=\/wp\/v2\/pages\/29\/revisions"}],"predecessor-version":[{"id":117,"href":"https:\/\/danet.com.pl\/index.php?rest_route=\/wp\/v2\/pages\/29\/revisions\/117"}],"up":[{"embeddable":true,"href":"https:\/\/danet.com.pl\/index.php?rest_route=\/wp\/v2\/pages\/27"}],"wp:attachment":[{"href":"https:\/\/danet.com.pl\/index.php?rest_route=%2Fwp%2Fv2%2Fmedia&parent=29"}],"curies":[{"name":"wp","href":"https:\/\/api.w.org\/{rel}","templated":true}]}}