{"id":27,"date":"2016-05-18T15:24:35","date_gmt":"2016-05-18T13:24:35","guid":{"rendered":"https:\/\/danet.com.pl\/?page_id=27"},"modified":"2016-05-21T22:18:47","modified_gmt":"2016-05-21T20:18:47","slug":"oferta","status":"publish","type":"page","link":"https:\/\/danet.com.pl\/?page_id=27","title":{"rendered":"OFERTA"},"content":{"rendered":"<p><strong>Dostawa us\u0142ug internetowych.<\/strong><\/p>\n<p style=\"text-align: justify;\">Jeste\u015bmy lokalnym dostawc\u0105 us\u0142ug telekomunikacyjnych. Specjalizujemy sie w sieciach komputerowych wykorzystuj\u0105cych technologie \u0142\u0105czno\u015bci przewodowej i bezprzewodowej w standardzie 802.11x . Szczeg\u00f3lny nacisk k\u0142adziemy na budow\u0119 i obs\u0142ug\u0119 sieci dost\u0119pu do Internetu, zw\u0142aszcza w obszarach, gdzie inni dostawcy nie s\u0105 w stanie zapewni\u0107 us\u0142ugi. Zbudowana przez nas infrastruktura pozwala \u015bwiadczy\u0107 us\u0142ug\u0119 dost\u0119pu do sieci Internet w samej Bia\u0142ej Piskiej oraz w kilkunastu miejscowo\u015bciach powiatu piskiego, a obszar ten stale si\u0119 powi\u0119ksza. Nasza oferta skierowana jest do os\u00f3b fizycznych i firm Opr\u00f3cz standardu mamy te\u017c skalowaln\u0105 i elastyczn\u0105 ofert\u0119 uwzgl\u0119dniaj\u0105c\u0105 indywidualne wymagania Klienta oraz jego potrzeby.<\/p>\n<p><strong>Serwis informatyczny<\/strong><\/p>\n<p style=\"text-align: justify;\">Nasza firma specjalizuje si\u0119 w kompleksowej obs\u0142udze informatycznej firm i jednostek edukacyjnych oraz zagadnieniach bezpiecze\u0144stwa system\u00f3w i sieci komputerowych. Nasze dzia\u0142ania nie ograniczaj\u0105 si\u0119 jedynie do roli zarz\u0105dzania zasobami oraz us\u0142ugami informatycznymi przedsi\u0119biorstwa. To nowoczesny spos\u00f3b na profesjonaln\u0105 i optymaln\u0105 informatyk\u0119 dostosowan\u0105 do potrzeb biznesu. Poprzez systematyczne zadania polegaj\u0105ce na weryfikacji poprawno\u015bci dzia\u0142ania zaplecza IT, usuwaniu usterek oraz natychmiastowej reakcji w przypadku zaistnienia sytuacji awaryjnej, gwarantujemy bezpiecze\u0144stwo i optymalizacje pracy przedsi\u0119biorstwa. Nasza oferta jest najlepszym sposobem na ograniczenie koszt\u00f3w oraz podniesienie jako\u015bci dzia\u0142alno\u015bci, poniewa\u017c redukuje koszty zwi\u0105zane z utrzymywaniem wewn\u0119trznych dzia\u0142\u00f3w wsparcia IT i co za tym idzie pozwala na skupienie wi\u0119kszej uwagi na podstawowej dzia\u0142alno\u015bci firmy.<\/p>\n<p><strong>Pogotowie komputerowe.<\/strong><\/p>\n<p style=\"text-align: justify;\">\u015awiadczymy profesjonalne us\u0142ugi w zakresie instalacji, optymalizacji i zabezpieczenia dowolnych system\u00f3w operacyjnych posiadanych przez Klienta. W ci\u0105gu 24 godzin od odebrania sprz\u0119tu i oprogramowania (sterowniki, no\u015bnik systemu) Klient otrzymuje od nas sw\u00f3j komputer z zainstalowanym systemem i wskazanym oprogramowaniem, poprawkami systemowymi i \u0142atkami bezpiecze\u0144stwa. Wystarczy jeden telefon i Tw\u00f3j komputer zn\u00f3w o\u017cyje !<\/p>\n<p>I<strong>nstalacja i budowa system\u00f3w nadzoru monitoringu i sieci komputerowych.<\/strong><\/p>\n<p style=\"text-align: justify;\">\u015awiadczymy us\u0142ugi w zakresie instalacji okablowania strukturalnego w firmach i mieszkaniach prywatnych.  Jeste\u015bmy w stanie wykona\u0107 tak\u0105 us\u0142ug\u0119 pod klucz \u2013 Klient okre\u015bla nam swoje wymagania i potrzeby, za\u015b my zajmiemy si\u0119 reszt\u0105. Instalacja i konserwacja zestaw\u00f3w do monitoringu. Instalujemy sprz\u0119t monitoruj\u0105cy (kamery, terminale, rejestratory) w firmach i mieszkaniach prywatnych. Doradzamy jaki sprz\u0119t najlepiej b\u0119dzie nadawa\u0142 si\u0119 do zastosowania dla bie\u017c\u0105cej potrzeby i wykonujemy us\u0142ug\u0119 zgodnie z wymaganiami postawionymi przez Klienta.<\/p>\n","protected":false},"excerpt":{"rendered":"<p>Dostawa us\u0142ug internetowych. Jeste\u015bmy lokalnym dostawc\u0105 us\u0142ug telekomunikacyjnych. Specjalizujemy sie w sieciach komputerowych wykorzystuj\u0105cych technologie \u0142\u0105czno\u015bci przewodowej i bezprzewodowej w standardzie 802.11x . Szczeg\u00f3lny nacisk k\u0142adziemy na budow\u0119 i obs\u0142ug\u0119 sieci dost\u0119pu do Internetu, zw\u0142aszcza w obszarach, gdzie inni dostawcy nie s\u0105 w stanie zapewni\u0107 us\u0142ugi. Zbudowana przez nas infrastruktura pozwala \u015bwiadczy\u0107 us\u0142ug\u0119 dost\u0119pu do &hellip; <a href=\"https:\/\/danet.com.pl\/?page_id=27\" class=\"more-link\">Czytaj dalej <span class=\"screen-reader-text\">OFERTA<\/span> <span class=\"meta-nav\">&rarr;<\/span><\/a><\/p>\n","protected":false},"author":1,"featured_media":0,"parent":0,"menu_order":0,"comment_status":"closed","ping_status":"closed","template":"","meta":{"footnotes":""},"class_list":["post-27","page","type-page","status-publish","hentry"],"_links":{"self":[{"href":"https:\/\/danet.com.pl\/index.php?rest_route=\/wp\/v2\/pages\/27","targetHints":{"allow":["GET"]}}],"collection":[{"href":"https:\/\/danet.com.pl\/index.php?rest_route=\/wp\/v2\/pages"}],"about":[{"href":"https:\/\/danet.com.pl\/index.php?rest_route=\/wp\/v2\/types\/page"}],"author":[{"embeddable":true,"href":"https:\/\/danet.com.pl\/index.php?rest_route=\/wp\/v2\/users\/1"}],"replies":[{"embeddable":true,"href":"https:\/\/danet.com.pl\/index.php?rest_route=%2Fwp%2Fv2%2Fcomments&post=27"}],"version-history":[{"count":5,"href":"https:\/\/danet.com.pl\/index.php?rest_route=\/wp\/v2\/pages\/27\/revisions"}],"predecessor-version":[{"id":118,"href":"https:\/\/danet.com.pl\/index.php?rest_route=\/wp\/v2\/pages\/27\/revisions\/118"}],"wp:attachment":[{"href":"https:\/\/danet.com.pl\/index.php?rest_route=%2Fwp%2Fv2%2Fmedia&parent=27"}],"curies":[{"name":"wp","href":"https:\/\/api.w.org\/{rel}","templated":true}]}}