{"id":182,"date":"2016-10-31T20:30:58","date_gmt":"2016-10-31T19:30:58","guid":{"rendered":"https:\/\/danet.com.pl\/?page_id=182"},"modified":"2020-02-05T17:18:38","modified_gmt":"2020-02-05T16:18:38","slug":"pakiety-dodatkowe","status":"publish","type":"page","link":"https:\/\/danet.com.pl\/?page_id=182","title":{"rendered":"PAKIETY DODATKOWE"},"content":{"rendered":"<p>Abonament miesi\u0119czny: CANAL+ Select &#8211; 49,90z\u0142 brutto, CANAL+ Prestige &#8211; 54,90 brutto.<br \/>\n<iframe loading=\"lazy\" src=\"https:\/\/www.avios.pl\/pakiety\/dodatkowe\/canalplus.html\" width=\"100%\" height=\"360px\" frameborder=\"0\" marginwidth=\"0px\" marginheight=\"0px\" scrolling=\"auto\"><\/iframe><\/p>\n<hr style=\"height: 3px; border: none; color: #333; background-color: #333;\" \/>\n<p>Abonament miesi\u0119czny: Filmbox &#8211; 11,90z\u0142 brutto.<br \/>\n<iframe loading=\"lazy\" src=\"https:\/\/www.avios.pl\/pakiety\/dodatkowe\/filmbox.html\" width=\"100%\" height=\"150px\" frameborder=\"0\" marginwidth=\"0px\" marginheight=\"0px\" scrolling=\"auto\"><\/iframe><\/p>\n<hr style=\"height: 3px; border: none; color: #333; background-color: #333;\" \/>\n<p>Abonament miesi\u0119czny: Cinemax HD &#8211; 11,90z\u0142 brutto.<br \/>\n<iframe loading=\"lazy\" src=\"https:\/\/www.avios.pl\/pakiety\/dodatkowe\/cinemax.html\" width=\"100%\" height=\"150px\" frameborder=\"0\" marginwidth=\"0px\" marginheight=\"0px\" scrolling=\"auto\"><\/iframe><\/p>\n<hr style=\"height: 3px; border: none; color: #333; background-color: #333;\" \/>\n<p>Abonament miesi\u0119czny: HBO HD &#8211; 30,60z\u0142 brutto.<br \/>\n<iframe loading=\"lazy\" src=\"https:\/\/avios.pl\/pakiety\/dodatkowe\/hbo.html\" width=\"100%\" height=\"150px\" frameborder=\"0\" marginwidth=\"0px\" marginheight=\"0px\" scrolling=\"auto\"><\/iframe><\/p>\n<hr style=\"height: 3px; border: none; color: #333; background-color: #333;\" \/>\n<p>Abonament miesi\u0119czny: Telewizja Republika &#8211; 4,99z\u0142 brutto.<br \/>\n<iframe loading=\"lazy\" src=\"https:\/\/www.avios.pl\/pakiety\/dodatkowe\/republika.html\" width=\"100%\" height=\"150px\" frameborder=\"0\" marginwidth=\"0px\" marginheight=\"0px\" scrolling=\"auto\"><\/iframe><\/p>\n<hr style=\"height: 3px; border: none; color: #333; background-color: #333;\" \/>\n<p>Abonament miesi\u0119czny: TVP HD &#8211; 3,99z\u0142 brutto.<br \/>\n<iframe loading=\"lazy\" src=\"https:\/\/www.avios.pl\/pakiety\/dodatkowe\/tvp.html\" width=\"100%\" height=\"150px\" frameborder=\"0\" marginwidth=\"0px\" marginheight=\"0px\" scrolling=\"auto\"><\/iframe><\/p>\n<hr style=\"height: 3px; border: none; color: #333; background-color: #333;\" \/>\n<p>Abonament miesi\u0119czny: eXXXtra &#8211; 14,40z\u0142 brutto.<br \/>\n<iframe loading=\"lazy\" src=\"https:\/\/www.avios.pl\/pakiety\/dodatkowe\/exxxtra.html\" width=\"100%\" height=\"150px\" frameborder=\"0\" marginwidth=\"0px\" marginheight=\"0px\" scrolling=\"auto\"><\/iframe><\/p>\n<hr style=\"height: 3px; border: none; color: #333; background-color: #333;\" \/>\n<p>Abonament miesi\u0119czny: VIASAT WORLD &#8211; 9,99z\u0142 brutto.<br \/>\n<iframe loading=\"lazy\" src=\"https:\/\/www.avios.pl\/pakiety\/dodatkowe\/viasat.html\" width=\"100%\" height=\"150px\" frameborder=\"0\" marginwidth=\"0px\" marginheight=\"0px\" scrolling=\"auto\"><\/iframe><\/p>\n<hr style=\"height: 3px; border: none; color: #333; background-color: #333;\" \/>\n<p>Abonament miesi\u0119czny: Pasja &#8211; 4,99z\u0142 brutto.<br \/>\n<iframe loading=\"lazy\" src=\"https:\/\/www.avios.pl\/pakiety\/dodatkowe\/pasja.html\" width=\"100%\" height=\"150px\" frameborder=\"0\" marginwidth=\"0px\" marginheight=\"0px\" scrolling=\"auto\"><\/iframe><\/p>\n<hr style=\"height: 3px; border: none; color: #333; background-color: #333;\" \/>\n<p>Abonament miesi\u0119czny: VIP HD &#8211; 183,00z\u0142 brutto.<br \/>\n<iframe loading=\"lazy\" src=\"https:\/\/www.avios.pl\/pakiety\/dodatkowe\/vip.html\" width=\"100%\" height=\"500px\" frameborder=\"0\" marginwidth=\"0px\" marginheight=\"0px\" scrolling=\"auto\"><\/iframe><\/p>\n","protected":false},"excerpt":{"rendered":"<p>Abonament miesi\u0119czny: CANAL+ Select &#8211; 49,90z\u0142 brutto, CANAL+ Prestige &#8211; 54,90 brutto. Abonament miesi\u0119czny: Filmbox &#8211; 11,90z\u0142 brutto. Abonament miesi\u0119czny: Cinemax HD &#8211; 11,90z\u0142 brutto. Abonament miesi\u0119czny: HBO HD &#8211; 30,60z\u0142 brutto. Abonament miesi\u0119czny: Telewizja Republika &#8211; 4,99z\u0142 brutto. Abonament miesi\u0119czny: TVP HD &#8211; 3,99z\u0142 brutto. Abonament miesi\u0119czny: eXXXtra &#8211; 14,40z\u0142 brutto. Abonament miesi\u0119czny: VIASAT &hellip; <a href=\"https:\/\/danet.com.pl\/?page_id=182\" class=\"more-link\">Czytaj dalej <span class=\"screen-reader-text\">PAKIETY DODATKOWE<\/span> <span class=\"meta-nav\">&rarr;<\/span><\/a><\/p>\n","protected":false},"author":1,"featured_media":0,"parent":145,"menu_order":0,"comment_status":"closed","ping_status":"closed","template":"","meta":{"footnotes":""},"class_list":["post-182","page","type-page","status-publish","hentry"],"_links":{"self":[{"href":"https:\/\/danet.com.pl\/index.php?rest_route=\/wp\/v2\/pages\/182"}],"collection":[{"href":"https:\/\/danet.com.pl\/index.php?rest_route=\/wp\/v2\/pages"}],"about":[{"href":"https:\/\/danet.com.pl\/index.php?rest_route=\/wp\/v2\/types\/page"}],"author":[{"embeddable":true,"href":"https:\/\/danet.com.pl\/index.php?rest_route=\/wp\/v2\/users\/1"}],"replies":[{"embeddable":true,"href":"https:\/\/danet.com.pl\/index.php?rest_route=%2Fwp%2Fv2%2Fcomments&post=182"}],"version-history":[{"count":50,"href":"https:\/\/danet.com.pl\/index.php?rest_route=\/wp\/v2\/pages\/182\/revisions"}],"predecessor-version":[{"id":573,"href":"https:\/\/danet.com.pl\/index.php?rest_route=\/wp\/v2\/pages\/182\/revisions\/573"}],"up":[{"embeddable":true,"href":"https:\/\/danet.com.pl\/index.php?rest_route=\/wp\/v2\/pages\/145"}],"wp:attachment":[{"href":"https:\/\/danet.com.pl\/index.php?rest_route=%2Fwp%2Fv2%2Fmedia&parent=182"}],"curies":[{"name":"wp","href":"https:\/\/api.w.org\/{rel}","templated":true}]}}