{"id":178,"date":"2016-10-31T20:30:35","date_gmt":"2016-10-31T19:30:35","guid":{"rendered":"https:\/\/danet.com.pl\/?page_id=178"},"modified":"2020-02-05T17:12:28","modified_gmt":"2020-02-05T16:12:28","slug":"max-hd","status":"publish","type":"page","link":"https:\/\/danet.com.pl\/?page_id=178","title":{"rendered":"MAX HD"},"content":{"rendered":"<p>Abonament miesi\u0119czny z dzier\u017caw\u0105 dekodera: 88,50z\u0142 brutto.<\/p>\n<p>Abonament miesi\u0119czny bez dekodera: 80,00z\u0142 brutto.<br \/>\n<iframe loading=\"lazy\" src=\"https:\/\/avios.pl\/pakiety\/maxhd2020.html\" width=\"100%\" height=\"900px\" frameborder=\"0\" marginwidth=\"0px\" marginheight=\"0px\" scrolling=\"auto\"><\/iframe><\/p>\n","protected":false},"excerpt":{"rendered":"<p>Abonament miesi\u0119czny z dzier\u017caw\u0105 dekodera: 88,50z\u0142 brutto. Abonament miesi\u0119czny bez dekodera: 80,00z\u0142 brutto.<\/p>\n","protected":false},"author":1,"featured_media":0,"parent":145,"menu_order":0,"comment_status":"closed","ping_status":"closed","template":"","meta":{"footnotes":""},"class_list":["post-178","page","type-page","status-publish","hentry"],"_links":{"self":[{"href":"https:\/\/danet.com.pl\/index.php?rest_route=\/wp\/v2\/pages\/178","targetHints":{"allow":["GET"]}}],"collection":[{"href":"https:\/\/danet.com.pl\/index.php?rest_route=\/wp\/v2\/pages"}],"about":[{"href":"https:\/\/danet.com.pl\/index.php?rest_route=\/wp\/v2\/types\/page"}],"author":[{"embeddable":true,"href":"https:\/\/danet.com.pl\/index.php?rest_route=\/wp\/v2\/users\/1"}],"replies":[{"embeddable":true,"href":"https:\/\/danet.com.pl\/index.php?rest_route=%2Fwp%2Fv2%2Fcomments&post=178"}],"version-history":[{"count":16,"href":"https:\/\/danet.com.pl\/index.php?rest_route=\/wp\/v2\/pages\/178\/revisions"}],"predecessor-version":[{"id":561,"href":"https:\/\/danet.com.pl\/index.php?rest_route=\/wp\/v2\/pages\/178\/revisions\/561"}],"up":[{"embeddable":true,"href":"https:\/\/danet.com.pl\/index.php?rest_route=\/wp\/v2\/pages\/145"}],"wp:attachment":[{"href":"https:\/\/danet.com.pl\/index.php?rest_route=%2Fwp%2Fv2%2Fmedia&parent=178"}],"curies":[{"name":"wp","href":"https:\/\/api.w.org\/{rel}","templated":true}]}}