{"id":175,"date":"2016-10-31T20:30:18","date_gmt":"2016-10-31T19:30:18","guid":{"rendered":"https:\/\/danet.com.pl\/?page_id=175"},"modified":"2022-12-13T09:21:24","modified_gmt":"2022-12-13T08:21:24","slug":"prestiz-hd","status":"publish","type":"page","link":"https:\/\/danet.com.pl\/?page_id=175","title":{"rendered":"PRESTI\u017b HD"},"content":{"rendered":"<p>Abonament miesi\u0119czny z dzier\u017caw\u0105 dekodera: 67,50z\u0142 brutto.<\/p>\n<p>Abonament miesi\u0119czny bez dekodera: 59,00z\u0142 brutto.<br \/>\n<iframe loading=\"lazy\" src=\"https:\/\/avios.pl\/pakiety\/prestizhd2020.html\" width=\"100%\" height=\"1600px\" frameborder=\"0\" marginwidth=\"0px\" marginheight=\"0px\" scrolling=\"auto\"><\/iframe><\/p>\n","protected":false},"excerpt":{"rendered":"<p>Abonament miesi\u0119czny z dzier\u017caw\u0105 dekodera: 67,50z\u0142 brutto. Abonament miesi\u0119czny bez dekodera: 59,00z\u0142 brutto.<\/p>\n","protected":false},"author":1,"featured_media":0,"parent":145,"menu_order":0,"comment_status":"closed","ping_status":"closed","template":"","meta":{"footnotes":""},"class_list":["post-175","page","type-page","status-publish","hentry"],"_links":{"self":[{"href":"https:\/\/danet.com.pl\/index.php?rest_route=\/wp\/v2\/pages\/175","targetHints":{"allow":["GET"]}}],"collection":[{"href":"https:\/\/danet.com.pl\/index.php?rest_route=\/wp\/v2\/pages"}],"about":[{"href":"https:\/\/danet.com.pl\/index.php?rest_route=\/wp\/v2\/types\/page"}],"author":[{"embeddable":true,"href":"https:\/\/danet.com.pl\/index.php?rest_route=\/wp\/v2\/users\/1"}],"replies":[{"embeddable":true,"href":"https:\/\/danet.com.pl\/index.php?rest_route=%2Fwp%2Fv2%2Fcomments&post=175"}],"version-history":[{"count":13,"href":"https:\/\/danet.com.pl\/index.php?rest_route=\/wp\/v2\/pages\/175\/revisions"}],"predecessor-version":[{"id":654,"href":"https:\/\/danet.com.pl\/index.php?rest_route=\/wp\/v2\/pages\/175\/revisions\/654"}],"up":[{"embeddable":true,"href":"https:\/\/danet.com.pl\/index.php?rest_route=\/wp\/v2\/pages\/145"}],"wp:attachment":[{"href":"https:\/\/danet.com.pl\/index.php?rest_route=%2Fwp%2Fv2%2Fmedia&parent=175"}],"curies":[{"name":"wp","href":"https:\/\/api.w.org\/{rel}","templated":true}]}}