{"id":145,"date":"2016-10-25T13:55:38","date_gmt":"2016-10-25T11:55:38","guid":{"rendered":"https:\/\/danet.com.pl\/?page_id=145"},"modified":"2020-04-28T12:02:23","modified_gmt":"2020-04-28T10:02:23","slug":"telewizja","status":"publish","type":"page","link":"https:\/\/danet.com.pl\/?page_id=145","title":{"rendered":"TELEWIZJA"},"content":{"rendered":"<p><img loading=\"lazy\" decoding=\"async\" class=\"aligncenter wp-image-190 size-full\" src=\"https:\/\/danet.com.pl\/wp-content\/uploads\/2016\/10\/tv.jpg\" alt=\"tv\" width=\"907\" height=\"527\" srcset=\"https:\/\/danet.com.pl\/wp-content\/uploads\/2016\/10\/tv.jpg 907w, https:\/\/danet.com.pl\/wp-content\/uploads\/2016\/10\/tv-300x174.jpg 300w, https:\/\/danet.com.pl\/wp-content\/uploads\/2016\/10\/tv-768x446.jpg 768w\" sizes=\"auto, (max-width: 907px) 100vw, 907px\" \/><\/p>\n<p>Cennik obowi\u0105zuje od 01.04.2020.<\/p>\n<table style=\"height: 322px; width: 670px;\" border=\"1\" cellpadding=\"0\">\n<tbody>\n<tr style=\"height: 20px;\">\n<th style=\"height: 20px; width: 250px; background-color: #8b92f7; text-align: left; vertical-align: middle;\" scope=\"col\"><strong>PAKIET:<\/strong><\/th>\n<td style=\"height: 20px; width: 78px; background-color: #8b92f7; text-align: center;\" scope=\"rowgroup\"><strong>LUZ HD<\/strong><\/td>\n<td style=\"height: 20px; width: 81px; background-color: #8b92f7; text-align: center;\" scope=\"rowgroup\"><strong>KOMFORT+ HD<sup>(1)<\/sup><\/strong><\/td>\n<td style=\"height: 20px; width: 86.1167px; background-color: #8b92f7; text-align: center;\" scope=\"rowgroup\"><strong>PRESTI\u017b HD<sup>(2)<\/sup><\/strong><\/td>\n<td style=\"height: 20px; width: 90.8833px; background-color: #8b92f7; text-align: center;\" scope=\"rowgroup\"><strong>MAX HD<sup>(3)<\/sup><\/strong><\/td>\n<\/tr>\n<tr style=\"height: 20px;\">\n<th style=\"height: 20px; width: 250px; background-color: #8b92f7; text-align: left; vertical-align: middle;\" scope=\"col\"><strong>Cena\/m-c z dekoderem:<\/strong><\/th>\n<td style=\"height: 20px; width: 78px; text-align: center;\" scope=\"rowgroup\"><strong>28,50 z\u0142<\/strong><\/td>\n<td style=\"height: 20px; width: 81px; text-align: center;\" scope=\"rowgroup\"><strong>46,00 z\u0142<\/strong><\/td>\n<td style=\"height: 20px; width: 86.1167px; text-align: center;\" scope=\"rowgroup\"><strong>67,50 z\u0142<\/strong><\/td>\n<td style=\"height: 20px; width: 90.8833px; text-align: center;\" scope=\"rowgroup\"><strong>88,50 z\u0142<\/strong><\/td>\n<\/tr>\n<tr style=\"height: 20px;\">\n<th style=\"height: 20px; width: 250px; background-color: #8b92f7; text-align: left; vertical-align: middle;\" scope=\"col\"><strong>Cena\/m-c bez dekodera:<\/strong><\/th>\n<td style=\"height: 20px; width: 78px; text-align: center;\" scope=\"rowgroup\"><strong>20,00z\u0142<sup>(4)<\/sup><\/strong><\/td>\n<td style=\"height: 20px; width: 81px; text-align: center;\" scope=\"rowgroup\"><strong>37,50 z\u0142<sup>(4)<\/sup><\/strong><\/td>\n<td style=\"height: 20px; width: 86.1167px; text-align: center;\" scope=\"rowgroup\"><strong>59,00 z\u0142<sup>(4)<\/sup><\/strong><\/td>\n<td style=\"height: 20px; width: 90.8833px; text-align: center;\" scope=\"rowgroup\"><strong>80,00 z\u0142<sup>(4)<\/sup><\/strong><\/td>\n<\/tr>\n<tr style=\"height: 20px;\">\n<th style=\"height: 20px; width: 250px; background-color: #8b92f7; text-align: left; vertical-align: middle;\" scope=\"col\"><strong>Ilo\u015b\u0107 program\u00f3w:<\/strong><\/th>\n<td style=\"height: 20px; width: 78px; text-align: center; vertical-align: top;\" scope=\"rowgroup\"><strong>103 <\/strong><br \/>\n<strong>kana\u0142\u00f3w<br \/>\nw tym<br \/>\n36 kana\u0142y HD<\/strong><\/td>\n<td style=\"height: 20px; width: 81px; text-align: center; vertical-align: top;\" scope=\"rowgroup\"><strong>158<\/strong><br \/>\n<strong>kana\u0142\u00f3w<br \/>\nw tym<br \/>\n74 kana\u0142y HD<br \/>\n1 kana\u0142 3D<br \/>\n<\/strong><\/td>\n<td style=\"height: 20px; width: 86.1167px; text-align: center; vertical-align: top;\" scope=\"rowgroup\"><strong>191<br \/>\nkana\u0142\u00f3w<br \/>\nw tym<br \/>\n93kana\u0142y HD<br \/>\n1 kana\u0142 3D<br \/>\n<\/strong><\/td>\n<td style=\"height: 20px; width: 90.8833px; text-align: center; vertical-align: top;\" scope=\"rowgroup\"><strong>226<br \/>\nkana\u0142\u00f3w<br \/>\nw tym<br \/>\n115 kana\u0142y HD<br \/>\n1 kana\u0142 3D<br \/>\n<\/strong><\/td>\n<\/tr>\n<tr style=\"height: 20px;\">\n<th style=\"height: 20px; width: 250px; background-color: #8b92f7; text-align: left; vertical-align: middle;\" scope=\"col\"><strong>Op\u0142ata aktywacyjna:<\/strong><\/th>\n<td style=\"height: 20px; width: 418px; text-align: center;\" colspan=\"4\" scope=\"rowgroup\"><strong>29 z\u0142<\/strong><\/td>\n<\/tr>\n<tr style=\"height: 20px;\">\n<th style=\"height: 20px; width: 250px; background-color: #8b92f7;\" scope=\"col\"><strong>Umowa na czas:<\/strong><\/th>\n<td style=\"height: 20px; width: 418px; text-align: center;\" colspan=\"4\" scope=\"rowgroup\"><strong>nieokre\u015blony<\/strong><\/td>\n<\/tr>\n<tr style=\"height: 20px;\">\n<th style=\"height: 20px; width: 250px; background-color: #8b92f7;\" scope=\"col\"><strong>Sprz\u0119t:<\/strong><\/th>\n<td style=\"height: 20px; width: 418px; text-align: center;\" colspan=\"4\" scope=\"rowgroup\"><strong>dekoder z nagrywark\u0105<\/strong><\/td>\n<\/tr>\n<tr style=\"height: 20px;\">\n<th style=\"height: 20px; width: 250px; background-color: #8b92f7;\" scope=\"col\"><strong>Multiroom z dekoderem:<\/strong><\/th>\n<td style=\"height: 20px; width: 418px; text-align: center;\" colspan=\"4\" scope=\"rowgroup\"><strong>9,58 z\u0142<\/strong><\/td>\n<\/tr>\n<tr style=\"height: 20px;\">\n<th style=\"height: 20px; width: 250px; background-color: #8b92f7;\" scope=\"col\"><strong>Us\u0142uga Multiroom bez dekodera:<\/strong><\/th>\n<td style=\"height: 20px; width: 418px; text-align: center;\" colspan=\"4\" scope=\"rowgroup\"><strong>1,08 z\u0142<\/strong><\/td>\n<\/tr>\n<tr style=\"height: 20px;\">\n<th style=\"height: 20px; width: 250px; background-color: #8b92f7;\" scope=\"col\"><strong>Mo\u017cliwo\u015b\u0107 pakiet\u00f3w dodatkowych:<\/strong><\/th>\n<td style=\"height: 20px; width: 160px; text-align: center;\" scope=\"rowgroup\"><strong>nie<\/strong><\/td>\n<td style=\"height: 20px; width: 258px; text-align: center;\" colspan=\"3\" scope=\"rowgroup\"><strong>tak<\/strong><\/td>\n<\/tr>\n<tr style=\"height: 20px;\">\n<th style=\"height: 20px; width: 668px; background-color: #8b92f7; text-align: center;\" colspan=\"5\" scope=\"col\"><strong><span style=\"font-size: 14pt;\">WYKAZ PAKIET\u00d3W DODATKOWYCH<sup>(5)<\/sup><\/span><\/strong><\/th>\n<\/tr>\n<tr style=\"height: 20px;\">\n<th style=\"height: 20px; width: 328px; background-color: #8b92f7; text-align: center;\" colspan=\"2\" scope=\"col\">\u00a0<strong>PAKIET:<\/strong><\/th>\n<th style=\"height: 20px; width: 340px; text-align: center;\" colspan=\"3\" scope=\"col\">\u00a0\u00a0<strong>CENA:<\/strong><\/th>\n<\/tr>\n<tr style=\"height: 20px;\">\n<th style=\"height: 20px; width: 328px; background-color: #8b92f7; text-align: left;\" colspan=\"2\" scope=\"col\">\u00a0<strong>HBO SD + HD<\/strong><\/th>\n<td style=\"height: 20px; width: 340px; text-align: center; vertical-align: middle;\" colspan=\"3\" scope=\"col\">\u00a0\u00a0\u00a0\u00a0<strong> 30,60 z\u0142<\/strong><\/td>\n<\/tr>\n<tr style=\"height: 20px;\">\n<th style=\"height: 20px; width: 328px; background-color: #8b92f7; text-align: left;\" colspan=\"2\" scope=\"col\">\u00a0<strong>Cinemax HD<\/strong><\/th>\n<td style=\"height: 20px; width: 340px; text-align: center; vertical-align: middle;\" colspan=\"3\" scope=\"col\">\u00a0\u00a0\u00a0\u00a0<strong> 11,90 z\u0142<\/strong><\/td>\n<\/tr>\n<tr style=\"height: 20px;\">\n<th style=\"height: 20px; width: 328px; background-color: #8b92f7; text-align: left;\" colspan=\"2\" scope=\"col\">\u00a0<strong>FilmBox<\/strong><\/th>\n<td style=\"height: 20px; width: 340px; text-align: center; vertical-align: middle;\" colspan=\"3\" scope=\"col\">\u00a0\u00a0\u00a0\u00a0<strong> 11,90 z\u0142<\/strong><\/td>\n<\/tr>\n<tr style=\"height: 20px;\">\n<th style=\"height: 20px; width: 328px; background-color: #8b92f7; text-align: left;\" colspan=\"2\" scope=\"col\">\u00a0<strong>Telewizja Republika<\/strong><\/th>\n<td style=\"height: 20px; width: 340px; text-align: center; vertical-align: middle;\" colspan=\"3\" scope=\"col\">\u00a0\u00a0\u00a0\u00a0<strong> 4,99 z\u0142<\/strong><\/td>\n<\/tr>\n<tr style=\"height: 20px;\">\n<th style=\"height: 20px; width: 328px; background-color: #8b92f7; text-align: left;\" colspan=\"2\" scope=\"col\"><strong>Pasja<\/strong><\/th>\n<td style=\"height: 20px; width: 340px; text-align: center; vertical-align: middle;\" colspan=\"3\" scope=\"col\">\u00a0\u00a0\u00a0\u00a0<strong> 4,99 z\u0142<\/strong><\/td>\n<\/tr>\n<tr style=\"height: 20px;\">\n<th style=\"height: 20px; width: 328px; background-color: #8b92f7; text-align: left;\" colspan=\"2\" scope=\"col\"><strong>Canal+ Select<\/strong><\/th>\n<td style=\"height: 20px; width: 340px; text-align: center; vertical-align: middle;\" colspan=\"3\" scope=\"col\">\u00a0\u00a0\u00a0\u00a0<strong>49,90 z\u0142<\/strong><\/td>\n<\/tr>\n<tr style=\"height: 20px;\">\n<th style=\"height: 20px; width: 328px; background-color: #8b92f7; text-align: left;\" colspan=\"2\" scope=\"col\"><strong>Canal+ Prestige<\/strong><\/th>\n<td style=\"height: 20px; width: 340px; text-align: center; vertical-align: middle;\" colspan=\"3\" scope=\"col\">\u00a0\u00a0\u00a0\u00a0<strong>54,90 z\u0142<br \/>\n<\/strong><\/td>\n<\/tr>\n<tr style=\"height: 20px;\">\n<th style=\"height: 20px; width: 328px; background-color: #8b92f7; text-align: left;\" colspan=\"2\" scope=\"col\"><strong>TVP HD<\/strong><\/th>\n<td style=\"height: 20px; width: 340px; text-align: center; vertical-align: middle;\" colspan=\"3\" scope=\"col\">\u00a0\u00a0\u00a0\u00a0<strong>3,99 z\u0142<br \/>\n<\/strong><\/td>\n<\/tr>\n<tr style=\"height: 20px;\">\n<th style=\"height: 20px; width: 328px; background-color: #8b92f7; text-align: left;\" colspan=\"2\" scope=\"col\"><strong>eXXXtra<\/strong><\/th>\n<td style=\"height: 20px; width: 340px; text-align: center; vertical-align: middle;\" colspan=\"3\" scope=\"col\">\u00a0\u00a0\u00a0\u00a0<strong>14,40 z\u0142<br \/>\n<\/strong><\/td>\n<\/tr>\n<tr style=\"height: 20.4166px;\">\n<th style=\"height: 20.4166px; width: 328px; background-color: #8b92f7; text-align: left;\" colspan=\"2\" scope=\"col\">\u00a0<strong>VIASAT WORLD<\/strong><\/th>\n<td style=\"height: 20.4166px; width: 340px; text-align: center; vertical-align: middle;\" colspan=\"3\" scope=\"col\">\u00a0\u00a0<strong>9,99 z\u0142<br \/>\n<\/strong><\/td>\n<\/tr>\n<tr style=\"height: 20px;\">\n<th style=\"height: 20px; width: 328px; background-color: #8b92f7; text-align: left;\" colspan=\"2\" scope=\"col\">\u00a0<strong>VIP HD<\/strong><\/th>\n<td style=\"height: 20px; width: 340px; text-align: center; vertical-align: middle;\" colspan=\"3\" scope=\"col\">\u00a0\u00a0\u00a0\u00a0<strong>183,00 z\u0142<\/strong><\/td>\n<\/tr>\n<\/tbody>\n<\/table>\n<p>&nbsp;<\/p>\n<p>(1) &#8211; Pakiet KOMFORT HD+ zawiera dodatkowo wszystkie kana\u0142y z pakietu LUZ HD.<\/p>\n<p>(2) &#8211; Pakiet PRESTI\u017b HD zawiera dodatkowo wszystkie kana\u0142y z pakietu KOMFORT HD+.<\/p>\n<p>(3) &#8211; Pakiet MAX HD zawiera dodatkowo wszystkie kana\u0142y z pakietu KOMFORT HD, KOMFORT HD+ i PRESTI\u017b HD.<\/p>\n<p>(4) &#8211; Nale\u017cy doliczy\u0107 jednorazow\u0105 op\u0142at\u0119 za dekoder 250z\u0142 brutto.<\/p>\n<p>(5) &#8211; Pakiety dodatkowe s\u0105 niedost\u0119pne z pakietem podstawowym\u00a0 LUZ HD.<\/p>\n<p>Ze wzgl\u0119du na wysok\u0105 jako\u015b\u0107 sygna\u0142u oferta dost\u0119pna jedynie dla klient\u00f3w pod\u0142\u0105czonych w technologii \u015bwiat\u0142owodowej. Do odbioru telewizji nie potrzebna jest antena.<\/p>\n","protected":false},"excerpt":{"rendered":"<p>Cennik obowi\u0105zuje od 01.04.2020. PAKIET: LUZ HD KOMFORT+ HD(1) PRESTI\u017b HD(2) MAX HD(3) Cena\/m-c z dekoderem: 28,50 z\u0142 46,00 z\u0142 67,50 z\u0142 88,50 z\u0142 Cena\/m-c bez dekodera: 20,00z\u0142(4) 37,50 z\u0142(4) 59,00 z\u0142(4) 80,00 z\u0142(4) Ilo\u015b\u0107 program\u00f3w: 103 kana\u0142\u00f3w w tym 36 kana\u0142y HD 158 kana\u0142\u00f3w w tym 74 kana\u0142y HD 1 kana\u0142 3D 191 kana\u0142\u00f3w &hellip; <a href=\"https:\/\/danet.com.pl\/?page_id=145\" class=\"more-link\">Czytaj dalej <span class=\"screen-reader-text\">TELEWIZJA<\/span> <span class=\"meta-nav\">&rarr;<\/span><\/a><\/p>\n","protected":false},"author":1,"featured_media":0,"parent":0,"menu_order":0,"comment_status":"closed","ping_status":"closed","template":"","meta":{"footnotes":""},"class_list":["post-145","page","type-page","status-publish","hentry"],"_links":{"self":[{"href":"https:\/\/danet.com.pl\/index.php?rest_route=\/wp\/v2\/pages\/145","targetHints":{"allow":["GET"]}}],"collection":[{"href":"https:\/\/danet.com.pl\/index.php?rest_route=\/wp\/v2\/pages"}],"about":[{"href":"https:\/\/danet.com.pl\/index.php?rest_route=\/wp\/v2\/types\/page"}],"author":[{"embeddable":true,"href":"https:\/\/danet.com.pl\/index.php?rest_route=\/wp\/v2\/users\/1"}],"replies":[{"embeddable":true,"href":"https:\/\/danet.com.pl\/index.php?rest_route=%2Fwp%2Fv2%2Fcomments&post=145"}],"version-history":[{"count":129,"href":"https:\/\/danet.com.pl\/index.php?rest_route=\/wp\/v2\/pages\/145\/revisions"}],"predecessor-version":[{"id":638,"href":"https:\/\/danet.com.pl\/index.php?rest_route=\/wp\/v2\/pages\/145\/revisions\/638"}],"wp:attachment":[{"href":"https:\/\/danet.com.pl\/index.php?rest_route=%2Fwp%2Fv2%2Fmedia&parent=145"}],"curies":[{"name":"wp","href":"https:\/\/api.w.org\/{rel}","templated":true}]}}